{"id":98,"date":"2024-05-03T10:03:12","date_gmt":"2024-05-03T10:03:12","guid":{"rendered":"https:\/\/sami-marketing.tempurl.host\/knifefighting-concept\/?page_id=98"},"modified":"2024-05-06T10:07:23","modified_gmt":"2024-05-06T10:07:23","slug":"knife-fighting","status":"publish","type":"page","link":"https:\/\/knifefighting-concept.com\/de\/knife-fighting\/","title":{"rendered":"Messerkampf"},"content":{"rendered":"<div data-elementor-type=\"wp-page\" data-elementor-id=\"98\" class=\"elementor elementor-98\" data-elementor-post-type=\"page\">\n\t\t\t\t<div class=\"elementor-element elementor-element-3711e17 e-con-full e-flex e-con e-parent\" data-id=\"3711e17\" data-element_type=\"container\" data-settings=\"{&quot;background_background&quot;:&quot;classic&quot;}\">\n\t\t\t\t<div class=\"elementor-element elementor-element-8329a7d elementor-widget elementor-widget-heading\" data-id=\"8329a7d\" data-element_type=\"widget\" data-widget_type=\"heading.default\">\n\t\t\t\t<div class=\"elementor-widget-container\">\n\t\t\t\t\t<h2 class=\"elementor-heading-title elementor-size-default\">SAMI-X KAMPFKUNST<\/h2>\t\t\t\t<\/div>\n\t\t\t\t<\/div>\n\t\t\t\t<div class=\"elementor-element elementor-element-a0fe242 elementor-widget elementor-widget-heading\" data-id=\"a0fe242\" data-element_type=\"widget\" data-widget_type=\"heading.default\">\n\t\t\t\t<div class=\"elementor-widget-container\">\n\t\t\t\t\t<h2 class=\"elementor-heading-title elementor-size-default\">Messerkampf-Konzept<\/h2>\t\t\t\t<\/div>\n\t\t\t\t<\/div>\n\t\t\t\t<\/div>\n\t\t<div class=\"elementor-element elementor-element-a1dc36b e-flex e-con-boxed e-con e-parent\" data-id=\"a1dc36b\" data-element_type=\"container\">\n\t\t\t\t\t<div class=\"e-con-inner\">\n\t\t<div class=\"elementor-element elementor-element-d945c1f e-flex e-con-boxed e-con e-child\" data-id=\"d945c1f\" data-element_type=\"container\">\n\t\t\t\t\t<div class=\"e-con-inner\">\n\t\t\t\t<div class=\"elementor-element elementor-element-3daadb7 elementor-widget elementor-widget-heading\" data-id=\"3daadb7\" data-element_type=\"widget\" data-widget_type=\"heading.default\">\n\t\t\t\t<div class=\"elementor-widget-container\">\n\t\t\t\t\t<h2 class=\"elementor-heading-title elementor-size-default\">Messer<\/h2>\t\t\t\t<\/div>\n\t\t\t\t<\/div>\n\t\t\t\t<div class=\"elementor-element elementor-element-f96821e elementor-widget elementor-widget-text-editor\" data-id=\"f96821e\" data-element_type=\"widget\" data-widget_type=\"text-editor.default\">\n\t\t\t\t<div class=\"elementor-widget-container\">\n\t\t\t\t\t\t\t\t\t<p>Unsere Aufgabe ist es, das SAMI Knife Fighting Concept weltweit zu f\u00f6rdern und zu verbreiten, und zwar mit den h\u00f6chstm\u00f6glichen Standards f\u00fcr Qualit\u00e4t und technisches Niveau. Unsere Organisation ist derzeit in \u00fcber 50 L\u00e4ndern vertreten. Wir bieten au\u00dfergew\u00f6hnlich gut strukturierte Trainingsprogramme f\u00fcr Menschen, die einen Hintergrund und ein tiefgehendes Wissen in der Messerkampf-Kampfkunst entwickeln m\u00f6chten. Unsere Ausbilder m\u00fcssen eine gr\u00fcndliche Ausbildung absolvieren, die aus technischem Fachwissen, Geschicklichkeitstraining und Didaktik der Messerkampfkurse besteht. Unser Motto ist: \"G<em>Gut ist nicht gut genug!<\/em>\"<\/p>\t\t\t\t\t\t\t\t<\/div>\n\t\t\t\t<\/div>\n\t\t\t\t\t<\/div>\n\t\t\t\t<\/div>\n\t\t<div class=\"elementor-element elementor-element-e222f14 e-flex e-con-boxed e-con e-child\" data-id=\"e222f14\" data-element_type=\"container\">\n\t\t\t\t\t<div class=\"e-con-inner\">\n\t\t\t\t<div class=\"elementor-element elementor-element-fac1e97 elementor-widget elementor-widget-video\" data-id=\"fac1e97\" data-element_type=\"widget\" data-settings=\"{&quot;youtube_url&quot;:&quot;https:\\\/\\\/www.youtube.com\\\/watch?v=4tnxOe2xxJY&quot;,&quot;video_type&quot;:&quot;youtube&quot;,&quot;controls&quot;:&quot;yes&quot;}\" data-widget_type=\"video.default\">\n\t\t\t\t<div class=\"elementor-widget-container\">\n\t\t\t\t\t\t\t<div class=\"elementor-wrapper elementor-open-inline\">\n\t\t\t<div class=\"elementor-video\"><\/div>\t\t<\/div>\n\t\t\t\t\t\t<\/div>\n\t\t\t\t<\/div>\n\t\t\t\t\t<\/div>\n\t\t\t\t<\/div>\n\t\t\t\t\t<\/div>\n\t\t\t\t<\/div>\n\t\t<div class=\"elementor-element elementor-element-4e63f90 e-flex e-con-boxed e-con e-parent\" data-id=\"4e63f90\" data-element_type=\"container\">\n\t\t\t\t\t<div class=\"e-con-inner\">\n\t\t<div class=\"elementor-element elementor-element-f70c16b e-flex e-con-boxed e-con e-child\" data-id=\"f70c16b\" data-element_type=\"container\">\n\t\t\t\t\t<div class=\"e-con-inner\">\n\t\t\t\t<div class=\"elementor-element elementor-element-201fa02 elementor-widget elementor-widget-image\" data-id=\"201fa02\" data-element_type=\"widget\" data-widget_type=\"image.default\">\n\t\t\t\t<div class=\"elementor-widget-container\">\n\t\t\t\t\t\t\t\t\t\t\t\t\t\t\t<img fetchpriority=\"high\" decoding=\"async\" width=\"800\" height=\"534\" src=\"https:\/\/knifefighting-concept.com\/wp-content\/uploads\/sites\/4\/2024\/05\/DSC00932-1024x684.jpg\" class=\"attachment-large size-large wp-image-219\" alt=\"\" srcset=\"https:\/\/knifefighting-concept.com\/wp-content\/uploads\/sites\/4\/2024\/05\/DSC00932-1024x684.jpg 1024w, https:\/\/knifefighting-concept.com\/wp-content\/uploads\/sites\/4\/2024\/05\/DSC00932-300x200.jpg 300w, https:\/\/knifefighting-concept.com\/wp-content\/uploads\/sites\/4\/2024\/05\/DSC00932-768x513.jpg 768w, https:\/\/knifefighting-concept.com\/wp-content\/uploads\/sites\/4\/2024\/05\/DSC00932-1536x1026.jpg 1536w, https:\/\/knifefighting-concept.com\/wp-content\/uploads\/sites\/4\/2024\/05\/DSC00932-2048x1368.jpg 2048w, https:\/\/knifefighting-concept.com\/wp-content\/uploads\/sites\/4\/2024\/05\/DSC00932-18x12.jpg 18w\" sizes=\"(max-width: 800px) 100vw, 800px\" \/>\t\t\t\t\t\t\t\t\t\t\t\t\t\t\t<\/div>\n\t\t\t\t<\/div>\n\t\t\t\t<div class=\"elementor-element elementor-element-d445300 elementor-widget elementor-widget-image\" data-id=\"d445300\" data-element_type=\"widget\" data-widget_type=\"image.default\">\n\t\t\t\t<div class=\"elementor-widget-container\">\n\t\t\t\t\t\t\t\t\t\t\t\t\t\t\t<img decoding=\"async\" width=\"800\" height=\"534\" src=\"https:\/\/knifefighting-concept.com\/wp-content\/uploads\/sites\/4\/2024\/05\/DSC00919-1024x684.jpg\" class=\"attachment-large size-large wp-image-209\" alt=\"\" srcset=\"https:\/\/knifefighting-concept.com\/wp-content\/uploads\/sites\/4\/2024\/05\/DSC00919-1024x684.jpg 1024w, https:\/\/knifefighting-concept.com\/wp-content\/uploads\/sites\/4\/2024\/05\/DSC00919-300x200.jpg 300w, https:\/\/knifefighting-concept.com\/wp-content\/uploads\/sites\/4\/2024\/05\/DSC00919-768x513.jpg 768w, https:\/\/knifefighting-concept.com\/wp-content\/uploads\/sites\/4\/2024\/05\/DSC00919-1536x1026.jpg 1536w, https:\/\/knifefighting-concept.com\/wp-content\/uploads\/sites\/4\/2024\/05\/DSC00919-2048x1368.jpg 2048w, https:\/\/knifefighting-concept.com\/wp-content\/uploads\/sites\/4\/2024\/05\/DSC00919-18x12.jpg 18w\" sizes=\"(max-width: 800px) 100vw, 800px\" \/>\t\t\t\t\t\t\t\t\t\t\t\t\t\t\t<\/div>\n\t\t\t\t<\/div>\n\t\t\t\t\t<\/div>\n\t\t\t\t<\/div>\n\t\t<div class=\"elementor-element elementor-element-4ccc685 e-flex e-con-boxed e-con e-child\" data-id=\"4ccc685\" data-element_type=\"container\">\n\t\t\t\t\t<div class=\"e-con-inner\">\n\t\t\t\t<div class=\"elementor-element elementor-element-fec8459 elementor-widget elementor-widget-text-editor\" data-id=\"fec8459\" data-element_type=\"widget\" data-widget_type=\"text-editor.default\">\n\t\t\t\t<div class=\"elementor-widget-container\">\n\t\t\t\t\t\t\t\t\t<p class=\"text-3xl sm:text-5xl font-bold text-richBlack ng-star-inserted\"><strong>Die Sch\u00f6nheit der Handhabung eines Messers<\/strong><\/p><div class=\"max-w-7xl px-4 sm:px-6 lg:px-8 mx-auto w-full pt-32 relative\"><div class=\"w-full grid grid-cols-1 sm:grid-cols-2 gap-x-8\"><div class=\"flex flex-col justify-center space-y-8\"><div class=\"prose prose-headings:font-sans prose-h3:mb-0 prose-p:font-body ng-star-inserted\"><p>Die Kunst des Messerkampfes umfasst ein breites Spektrum an Techniken, Strategien und Philosophien, die aus verschiedenen kulturellen Hintergr\u00fcnden und Kampfsportarten stammen. Die Praxis erfordert meisterhaftes Geschick, Beweglichkeit und geistige Sch\u00e4rfe, um sich mit einem Messer im Nahkampf effektiv zu verteidigen und anzugreifen. Obwohl es sich um eine gef\u00e4hrliche und potenziell t\u00f6dliche Kampfsportart handelt, wird der Messerkampf auch wegen seiner Finesse, Anmut und der tief verwurzelten kulturellen Bedeutung in verschiedenen Gemeinschaften auf der ganzen Welt gesch\u00e4tzt. Daher ist die Kunst des Messerkampfes ein fesselnder und vielf\u00e4ltiger Bestandteil der Kampfk\u00fcnste, der die au\u00dfergew\u00f6hnlichen F\u00e4higkeiten des menschlichen K\u00f6nnens und Einfallsreichtums unter Beweis stellt.<\/p><\/div><\/div><\/div><\/div><div class=\"max-w-7xl px-4 sm:px-6 lg:px-8 mx-auto w-full pt-12 pb-12 relative\"><div class=\"w-full grid grid-cols-1 sm:grid-cols-2 gap-x-8\"><div class=\"relative flex flex-col justify-center py-20 sm:translate-x-24 md:scale-110 origin-left\"><div class=\"aspect-w-16 aspect-h-9 z-10 relative overflow-hidden ng-star-inserted\"><picture class=\"ng-star-inserted\"><source srcset=\"https:\/\/img2.storyblok.com\/fit-in\/0x600\/smart\/filters:format(webp)\/f\/110844\/4240x2832\/bdc5ee7483\/dsc00931-2.jpg\" type=\"image\/webp\" \/><source srcset=\"https:\/\/img2.storyblok.com\/fit-in\/0x600\/smart\/filters:format(png)\/f\/110844\/4240x2832\/bdc5ee7483\/dsc00931-2.jpg\" type=\"image\/png\" \/><\/picture><\/div><\/div><\/div><\/div>\t\t\t\t\t\t\t\t<\/div>\n\t\t\t\t<\/div>\n\t\t\t\t<div class=\"elementor-element elementor-element-2a5c39c elementor-widget elementor-widget-text-editor\" data-id=\"2a5c39c\" data-element_type=\"widget\" data-widget_type=\"text-editor.default\">\n\t\t\t\t<div class=\"elementor-widget-container\">\n\t\t\t\t\t\t\t\t\t<p class=\"text-3xl sm:text-5xl font-bold text-richBlack ng-star-inserted\"><strong>Die Klinge beherrschen<\/strong><\/p><div class=\"max-w-7xl px-4 sm:px-6 lg:px-8 mx-auto w-full pt-12 pb-12 relative\"><div class=\"w-full grid grid-cols-1 sm:grid-cols-2 gap-x-8\"><div class=\"flex flex-col justify-center space-y-8 order-last sm:order-first\"><div class=\"prose prose-headings:font-sans prose-h3:mb-0 prose-p:font-body ng-star-inserted\"><p>SAMI-X Knife ist eine Kampfkunst, die die reiche Geschichte und Sch\u00f6nheit dieser Waffe aufgreift und gleichzeitig eine praktikable Verteidigung gegen alle Arten von Hieb- und Stichwaffen beinhaltet. Dies macht SAMI-X Knife eher zu einer Kampfkunst als zu einem Kampfsystem mit der Sch\u00f6nheit der Bewegungen, der Coolness der Zeichnung und dem Umgang mit der Waffe. Die Geschicklichkeit, Umsicht und Selbsterkenntnis, die Sie im Laufe des Trainings erlernen, sind jedoch auch ein Vorteil f\u00fcr Ihre Verteidigungsf\u00e4higkeiten.<\/p><\/div><\/div><\/div><\/div>\t\t\t\t\t\t\t\t<\/div>\n\t\t\t\t<\/div>\n\t\t\t\t\t<\/div>\n\t\t\t\t<\/div>\n\t\t\t\t\t<\/div>\n\t\t\t\t<\/div>\n\t\t\t\t<\/div>","protected":false},"excerpt":{"rendered":"<p>SAMI-X FIGHTING ART Knife Fighting Concept Knife Unsere Mission ist es, SAMI Knife Fighting Concept auf der ganzen Welt mit den h\u00f6chstm\u00f6glichen Standards f\u00fcr Qualit\u00e4t und technisches Niveau zu f\u00f6rdern und zu teilen. Unsere Organisation ist derzeit in \u00fcber 50 L\u00e4ndern vertreten. Wir bieten au\u00dfergew\u00f6hnlich gut strukturierte Trainingsprogramme f\u00fcr Menschen, die einen Hintergrund und ein vertieftes Wissen entwickeln m\u00f6chten [...]<\/p>","protected":false},"author":1,"featured_media":0,"parent":0,"menu_order":0,"comment_status":"closed","ping_status":"closed","template":"","meta":{"inline_featured_image":false,"footnotes":""},"class_list":["post-98","page","type-page","status-publish","hentry"],"_links":{"self":[{"href":"https:\/\/knifefighting-concept.com\/de\/wp-json\/wp\/v2\/pages\/98","targetHints":{"allow":["GET"]}}],"collection":[{"href":"https:\/\/knifefighting-concept.com\/de\/wp-json\/wp\/v2\/pages"}],"about":[{"href":"https:\/\/knifefighting-concept.com\/de\/wp-json\/wp\/v2\/types\/page"}],"author":[{"embeddable":true,"href":"https:\/\/knifefighting-concept.com\/de\/wp-json\/wp\/v2\/users\/1"}],"replies":[{"embeddable":true,"href":"https:\/\/knifefighting-concept.com\/de\/wp-json\/wp\/v2\/comments?post=98"}],"version-history":[{"count":5,"href":"https:\/\/knifefighting-concept.com\/de\/wp-json\/wp\/v2\/pages\/98\/revisions"}],"predecessor-version":[{"id":225,"href":"https:\/\/knifefighting-concept.com\/de\/wp-json\/wp\/v2\/pages\/98\/revisions\/225"}],"wp:attachment":[{"href":"https:\/\/knifefighting-concept.com\/de\/wp-json\/wp\/v2\/media?parent=98"}],"curies":[{"name":"wp","href":"https:\/\/api.w.org\/{rel}","templated":true}]}}